{"id":8001,"date":"2020-04-20T10:06:34","date_gmt":"2020-04-20T08:06:34","guid":{"rendered":"https:\/\/www.gardenpiu.eu\/portale\/?page_id=8001"},"modified":"2023-03-09T09:50:39","modified_gmt":"2023-03-09T08:50:39","slug":"la-domotica-per-la-tua-piscina","status":"publish","type":"page","link":"https:\/\/www.gardenpiu.eu\/portale\/la-domotica-per-la-tua-piscina\/","title":{"rendered":"LA DOMOTICA per la TUA PISCINA"},"content":{"rendered":"\t\t<div data-elementor-type=\"wp-page\" data-elementor-id=\"8001\" class=\"elementor elementor-8001\">\n\t\t\t\t\t\t<section class=\"elementor-section elementor-top-section elementor-element elementor-element-4c13f7ea elementor-section-boxed elementor-section-height-default elementor-section-height-default\" data-id=\"4c13f7ea\" data-element_type=\"section\">\n\t\t\t\t\t\t<div class=\"elementor-container elementor-column-gap-default\">\n\t\t\t\t\t<div class=\"elementor-column elementor-col-100 elementor-top-column elementor-element elementor-element-217dcc58\" data-id=\"217dcc58\" data-element_type=\"column\">\n\t\t\t<div class=\"elementor-widget-wrap elementor-element-populated\">\n\t\t\t\t\t\t<div class=\"elementor-element elementor-element-14027abf elementor-widget elementor-widget-text-editor\" data-id=\"14027abf\" data-element_type=\"widget\" data-widget_type=\"text-editor.default\">\n\t\t\t\t<div class=\"elementor-widget-container\">\n\t\t\t<style>\/*! elementor - v3.23.0 - 05-08-2024 *\/\n.elementor-widget-text-editor.elementor-drop-cap-view-stacked .elementor-drop-cap{background-color:#69727d;color:#fff}.elementor-widget-text-editor.elementor-drop-cap-view-framed .elementor-drop-cap{color:#69727d;border:3px solid;background-color:transparent}.elementor-widget-text-editor:not(.elementor-drop-cap-view-default) .elementor-drop-cap{margin-top:8px}.elementor-widget-text-editor:not(.elementor-drop-cap-view-default) .elementor-drop-cap-letter{width:1em;height:1em}.elementor-widget-text-editor .elementor-drop-cap{float:left;text-align:center;line-height:1;font-size:50px}.elementor-widget-text-editor .elementor-drop-cap-letter{display:inline-block}<\/style>\t\t\t\t[vc_row row_type=&#8221;row&#8221; text_align=&#8221;left&#8221; css_animation=&#8221;&#8221;][vc_column][vc_column_text el_class=&#8221;giustificato&#8221;]<strong>PRENDI il CONTROLLO tramite APP della tua PISCINA<\/strong><br \/>Hai una piscina ma non sai come funziona il trattamento acque, non hai tempo per gestirla, ogni anno hai il problema dell&#8217;acqua verde o semplicemente non sai quante ore deve funzionare la pompa?<\/p><p>\u00a0<\/p><p><strong>Tutti abbiamo avuto questi problemi e sappiamo quanto sia importante la qualit\u00e0 dell\u2019acqua per noi e le persone a noi care che useranno la piscina.<\/strong><br \/>Ma lascia che mi presenti ho un\u2019azienda che tratta vendita e gestione di piscine da ormai 15 anni e ho sempre avuto clienti che hanno riscontrato questo tipo di problema, soprattutto quando le temperature si alzano, <strong>il problema non sei tu<\/strong> sono i mezzi obsoleti che ci sono in commercio per il trattamento dell&#8217;acqua come le pastiglie di cloro che rilasciano tanto prodotto all&#8217;inizio provocando picco di cloro e di conseguenza innalzamento del clorammine in acqua che danno adito a bruciore degli occhi irritazione della pelle odore sgradevole corrosione dei componenti eccesso di isocianurati. Nel trattamento dell&#8217;acqua vengono spesso trascurati valori importanti come il Tac e th oltre al ph e anche questi influenzano l\u2019efficacia del cloro e possono rendere l\u2019acqua pi\u00f9 o meno salubre.<\/p><p>\u00a0<\/p><p><strong>Per fortuna la tecnologia ci viene in soccorso con un sistemi automatici ideali per tutti.<\/strong><br \/>Ti dico la verit\u00e0, anche io prima di adottare questo sistema per le mie manutenzioni e con i miei clienti facevo fatica a \u201ctenere bene\u201d tutte le piscine, le variabili in vasca sono molte e cambiano molto velocemente una pioggia, variazioni temperatura l&#8217;uso intensivo come ad esempio una festa cos\u00ec da rendere necessario un intervento \u00e8 un monitoraggio costante.<\/p><p>\u00a0<\/p><p><strong><img fetchpriority=\"high\" decoding=\"async\" class=\"aligncenter wp-image-8016 size-full\" src=\"https:\/\/www.gardenpiu.eu\/portale\/wp-content\/uploads\/2020\/04\/foto1.jpg\" alt=\"\" width=\"1200\" height=\"497\" srcset=\"https:\/\/www.gardenpiu.eu\/portale\/wp-content\/uploads\/2020\/04\/foto1.jpg 1200w, https:\/\/www.gardenpiu.eu\/portale\/wp-content\/uploads\/2020\/04\/foto1-300x124.jpg 300w, https:\/\/www.gardenpiu.eu\/portale\/wp-content\/uploads\/2020\/04\/foto1-768x318.jpg 768w, https:\/\/www.gardenpiu.eu\/portale\/wp-content\/uploads\/2020\/04\/foto1-1024x424.jpg 1024w\" sizes=\"(max-width: 1200px) 100vw, 1200px\" \/><\/strong><\/p><p>\u00a0<\/p><div style=\"color: #000000;\" align=\"center\">Vuoi avere informazioni o conoscere in dettaglio i <b>nostri servizi<\/b>?<\/div>[vc_separator type=&#8217;transparent&#8217; color=&#8221; thickness=&#8221; up=&#8217;4&#8242; down=&#8217;4&#8242;]<div align=\"center\"><a class=\"qbutton center\" style=\"color: #fff !important;\" href=\"https:\/\/www.gardenpiu.eu\/portale\/contatti\/\" target=\"_self\">CONTATTACI<i class=\"fa fa-envelope fa-lg\"><\/i><\/a><\/div><p>\u00a0<\/p><p><strong>ECCO COME HO RISOLTO DEFINITIVAMENTE TUTTI I PROBLEMI<\/strong><\/p><p>Dopo anni di ricerche sul mercato e due anni di test con questo sistema abbiamo individuato il prodotto che per noi \u00e8 il pi\u00f9 affidabile e permette di:<\/p><p>\u00a0<\/p><ul><li>La lettura istantanea dei valori dell\u2019acqua<\/li><li>La correzione immediata per riportare subito l\u2019acqua ai valori ideali<\/li><li>L\u2019impostazione di allarmi, per essere avvisato tempestivamente se dovesse esserci qualsiasi anomalia<\/li><li>Dosaggio preciso e puntuale azzerando gli sprechi e i sovra dosaggi.<\/li><li>Modalit\u00e0 eco, smart o timer la pompa funziona solo per il tempo necessario es temperatura, correzioni dei parametri o altro es riscaldamento<\/li><li>Possibilit\u00e0 di impostare diverse velocit\u00e0 della pompa a velocit\u00e0 variabile<\/li><li>Oltre a tantissime possibilit\u00e0 e variabili come accensione di es una fontana o gioco d\u2019acqua<\/li><\/ul><p>\u00a0<\/p><p><strong>Quante volte capita a chi usa le cartine tornasole o i reagenti colorati di non capire a quale valore corrispondesse una data tonalit\u00e0?<\/strong><br \/>Questo problema \u00e8 risolto dato che la lettura la far\u00e0 una sonda e tu la potrai leggere ovunque dal tuo smartphone. Azzera l\u2019uso di isocianurati, per la disinfezione utilizzeremo l\u2019ormai famosa elettrolisi al sale che produce cloro gas efficace al 90% a differenza del dicloro che \u00e8 solo del 55% e di tutti le altre tipologie di cloro, inoltre non contiene additivi e altri prodotti chimici.<\/p><p>\u00a0<\/p><p><strong>Pensa non dovrai pi\u00f9 acquistare pesanti fusti e barattoli fino a riempire la casetta degli attrezzi che nell\u201980% dei casi non si sa pi\u00f9 cosa abbiamo comprato e a cosa serva.<\/strong><br \/>Un altra cosa interessante \u00e8 che potrai gestire anche la pompa e le ore di filtrazione o le luci della piscina, una fontana verificare la temperatura dell\u2019acqua,cambiare le velocit\u00e0 della pompa variabile etc.. tutto dal vostro smartphone l\u2019unica cosa necessaria \u00e8 una rete wifi.<br \/>Inoltre avrete a disposizione l\u2019esperienza di un tecnico specializzato che seguir\u00e0 l\u2019andamento della vostra piscina durante tutta la stagione.<\/p><p><strong>L\u2019unico scoglio rimane il prezzo che per questa attrezzatura \u00e8 di diverse migliaia di euro, pi\u00f9 l\u2019installazione e il tecnico che quotidianamente verifica che tutto sia nella norma.<\/strong><\/p><p>\u00a0<\/p><p><strong>Per\u00f2 noi di Garden pi\u00f9 abbiamo pensato ad un modo per rendere questa tecnologia accessibile a tutti.<\/strong><br \/>Io sono un pap\u00e0 e per primo capisco che quando si rientra a casa dopo una giornate di duro lavoro non si ha voglia di controllare i valori della piscina prima di fare il bagno, oltre al dubbio che ognuno ha di fare le cose correttamente per preservare la salute di tutti i nostri cari. Finalmente una tecnologia che ci migliora la vita ad un prezzo accessibile a tutti, infatti solo per i clienti del negozio ed in occasione acquisto della nuova sede abbiamo pensato di offrire a noleggio questo pacchetto che comprende:<\/p><p>\u00a0<\/p><ul><li>centrale di controllo<\/li><li>sonde per la lettura di ph<\/li><li>sonda per la lettura del cloro<\/li><li>sonda per la lettura della temperatura<\/li><li>sensore di flusso<\/li><li>collegamenti idraulici<\/li><li>prodotti chimici per l\u2019intera stagione<\/li><li>tecnico specializzato che monitora il buon funzionamento<\/li><li>attivazione allo smartphone<\/li><li>assistenza<\/li><li>il sale per l\u2019attivazione 4 gr\/litro<\/li><\/ul><p>\u00a0<\/p><p>Rimane escluso il collegamento alla rete elettrica e la wifi.<\/p><p>\u00a0<\/p><p><strong><img decoding=\"async\" class=\"alignnone wp-image-8037 size-full\" src=\"https:\/\/www.gardenpiu.eu\/portale\/wp-content\/uploads\/2020\/04\/foto2.jpg\" alt=\"\" width=\"1200\" height=\"417\" srcset=\"https:\/\/www.gardenpiu.eu\/portale\/wp-content\/uploads\/2020\/04\/foto2.jpg 1200w, https:\/\/www.gardenpiu.eu\/portale\/wp-content\/uploads\/2020\/04\/foto2-300x104.jpg 300w, https:\/\/www.gardenpiu.eu\/portale\/wp-content\/uploads\/2020\/04\/foto2-768x267.jpg 768w, https:\/\/www.gardenpiu.eu\/portale\/wp-content\/uploads\/2020\/04\/foto2-1024x356.jpg 1024w\" sizes=\"(max-width: 1200px) 100vw, 1200px\" \/><\/strong><\/p><p>\u00a0<\/p><div style=\"color: #000000;\" align=\"center\">Vuoi avere informazioni o conoscere in dettaglio i <b>nostri servizi<\/b>?<\/div>[vc_separator type=&#8217;transparent&#8217; color=&#8221; thickness=&#8221; up=&#8217;4&#8242; down=&#8217;4&#8242;]<div align=\"center\"><a class=\"qbutton center\" style=\"color: #fff !important;\" href=\"https:\/\/www.gardenpiu.eu\/portale\/contatti\/\" target=\"_self\">CONTATTACI<i class=\"fa fa-envelope fa-lg\"><\/i><\/a><\/div><p>\u00a0<\/p><p>Il noleggio perch\u00e8 sarebbe pi\u00f9 facile vendere il prodotto lasciare che il cliente gestisca da solo l\u2019apparecchiatura ma non \u00e8 nella nostra filosofia, penso che chi vuole questo prodotto voglia togliersi il problema non comprarne un altro potenziale o comunque doversi impegnare a capire come funziona e rischiare un acquisto incauto. Questo servizio ti solleva da ogni rischio, la proposta \u00e8 riservata solo ai clienti del negozio al prezzo lancio di Euro 800,00 per i primi 10 clienti che aderiscono all\u2019iniziativa. Successivamente il prezzo passer\u00e0<br \/>ad Euro 1200,00.<\/p><p>\u00a0<\/p><p><strong>Dove abbiamo gi\u00e0 testato questo sistema?<\/strong><\/p><p>\u00a0<\/p><p><strong>NaturaS\u00ec interporto di Bologna:<\/strong><br \/>Grazie a questo sistema monitoriamo e gestiamo le tre piscine di propriet\u00e0 di NaturaS\u00ec a oltre di 200 km di distanza.<\/p><p>\u00a0<\/p><p><strong>Emanuele Siciliano:<\/strong><br \/>Avevo una piccola piscina fuoriterra per far divertire mia figlia e ogni anno si presentava il problema dell\u2019acqua verde. Questo era per me un freno dal costruire la piscina interrata che invece ora possiedo con soddisfazione, il trattamento acqua non so nemmeno cosa sia, con<br \/>il sistema che mi ha proposto GardenPi\u00f9 non ho mai aggiunto prodotti o fatto analisi, mi devo occupare solo di godermi la piscina.<\/p><p>\u00a0<\/p><p><strong>Cerliani:<\/strong><br \/>Ho una casa sulle colline del pavese con la piscina all\u2019interno delle mura, la mia esigenza era quella di scaldare l\u2019acqua da remoto per poterne usufruire quando da Milano mi trasferisco qui nel weekend. Con questo sistema ho risolto non solo il problema del riscaldamento ma anche la puzza di cloro che stagnava nell\u2019aria.<\/p><p>\u00a0<\/p><p><strong>Castello di Castano:<\/strong><br \/>Residenza privata, piscina di 15 mt sopra una collina a 60 km di distanza con copertura a tapparella, riscaldamento, elettrolisi etc&#8230; gestita interamente da remoto con il sistema di GardenPi\u00f9.<\/p><p>\u00a0<\/p><p><strong>Veron:<\/strong><br \/>Piscina residenziale ad Agra sul lago Maggiore, la prima con cui abbiamo testato il sistema domotico dovendo gestire la piscina a centinaia di chilometri di distanza. La piscina \u00e8 accessoriata con riscaldamento, dosatori di cloro e ph sonda di temperatura e valvola multivie automatica.[\/vc_column_text][\/vc_column][\/vc_row][vc_row row_type=&#8221;row&#8221; text_align=&#8221;left&#8221; css_animation=&#8221;&#8221;][vc_column][vc_separator type=&#8221;transparent&#8221; up=&#8221;15&#8243; down=&#8221;15&#8243;]\n<div class=\"wpcf7 no-js\" id=\"wpcf7-f8064-o1\" lang=\"it-IT\" dir=\"ltr\">\n<div class=\"screen-reader-response\"><p role=\"status\" aria-live=\"polite\" aria-atomic=\"true\"><\/p> <ul><\/ul><\/div>\n<form action=\"\/portale\/wp-json\/wp\/v2\/pages\/8001#wpcf7-f8064-o1\" method=\"post\" class=\"wpcf7-form init cf7-style monochrome-light\" id=\"cf7_form\" aria-label=\"Modulo di contatto\" novalidate=\"novalidate\" data-status=\"init\">\n<div style=\"display: none;\">\n<input type=\"hidden\" name=\"_wpcf7\" value=\"8064\" \/>\n<input type=\"hidden\" name=\"_wpcf7_version\" value=\"5.8.7\" \/>\n<input type=\"hidden\" name=\"_wpcf7_locale\" value=\"it_IT\" \/>\n<input type=\"hidden\" name=\"_wpcf7_unit_tag\" value=\"wpcf7-f8064-o1\" \/>\n<input type=\"hidden\" name=\"_wpcf7_container_post\" value=\"0\" \/>\n<input type=\"hidden\" name=\"_wpcf7_posted_data_hash\" value=\"\" \/>\n<input type=\"hidden\" name=\"_wpcf7_recaptcha_response\" value=\"\" \/>\n<\/div>\n<div style=\"margin-bottom: 20px;\">\n\t<h2>Per informazioni su prodotti, servizi e promozioni CONTATTACI.\n\t<\/h2>\n<\/div>\n<p><label> Il tuo nome (richiesto)<br \/>\n<span class=\"wpcf7-form-control-wrap\" data-name=\"your-name\"><input size=\"40\" class=\"wpcf7-form-control wpcf7-text wpcf7-validates-as-required\" id=\"cf7_name\" aria-required=\"true\" aria-invalid=\"false\" value=\"\" type=\"text\" name=\"your-name\" \/><\/span> <\/label>\n<\/p>\n<p><label> La tua email (richiesto)<br \/>\n<span class=\"wpcf7-form-control-wrap\" data-name=\"your-email\"><input size=\"40\" class=\"wpcf7-form-control wpcf7-email wpcf7-validates-as-required wpcf7-text wpcf7-validates-as-email\" id=\"cf7_email\" aria-required=\"true\" aria-invalid=\"false\" value=\"\" type=\"email\" name=\"your-email\" \/><\/span> <\/label>\n<\/p>\n<p><label> Telefono<br \/>\n<span class=\"wpcf7-form-control-wrap\" data-name=\"tel-365\"><input size=\"40\" class=\"wpcf7-form-control wpcf7-tel wpcf7-text wpcf7-validates-as-tel\" aria-invalid=\"false\" value=\"\" type=\"tel\" name=\"tel-365\" \/><\/span> <\/label>\n<\/p>\n<p><label> Oggetto<br \/>\n<span class=\"wpcf7-form-control-wrap\" data-name=\"your-subject\"><input size=\"40\" class=\"wpcf7-form-control wpcf7-text\" aria-invalid=\"false\" value=\"\" type=\"text\" name=\"your-subject\" \/><\/span> <\/label>\n<\/p>\n<p><label> Il tuo messaggio<br \/>\n<span class=\"wpcf7-form-control-wrap\" data-name=\"your-message\"><textarea cols=\"40\" rows=\"10\" class=\"wpcf7-form-control wpcf7-textarea\" id=\"cf7_message\" aria-invalid=\"false\" name=\"your-message\"><\/textarea><\/span> <\/label>\n<\/p>\n<p><span class=\"wpcf7-form-control-wrap\" data-name=\"trattamento\"><span class=\"wpcf7-form-control wpcf7-acceptance\"><span class=\"wpcf7-list-item\"><label><input type=\"checkbox\" name=\"trattamento\" value=\"1\" aria-invalid=\"false\" \/><span class=\"wpcf7-list-item-label\">Inviando il form acconsento al trattamento dei dati personali<\/span><\/label><\/span><\/span><\/span><br \/>\n<span class=\"wpcf7-form-control-wrap recaptcha\" data-name=\"recaptcha\"><span data-sitekey=\"6LceiO8UAAAAAGPihEeTNQzu4IkwLxmw8L9f6I9D\" class=\"wpcf7-form-control wpcf7-recaptcha g-recaptcha\"><\/span>\r\n<noscript>\r\n\t<div class=\"grecaptcha-noscript\">\r\n\t\t<iframe src=\"https:\/\/www.google.com\/recaptcha\/api\/fallback?k=6LceiO8UAAAAAGPihEeTNQzu4IkwLxmw8L9f6I9D\" frameborder=\"0\" scrolling=\"no\" width=\"310\" height=\"430\">\r\n\t\t<\/iframe>\r\n\t\t<textarea name=\"g-recaptcha-response\" rows=\"3\" cols=\"40\" placeholder=\"reCaptcha Response Here\">\r\n\t\t<\/textarea>\r\n\t<\/div>\r\n<\/noscript>\r\n<\/span>\n<\/p>\n<div style=\"margin-top:12px;\">\n\t<p><input class=\"wpcf7-form-control wpcf7-submit has-spinner\" id=\"cf7_submit\" type=\"submit\" value=\"Invia\" \/>\n\t<\/p>\n<\/div><p style=\"display: none !important;\" class=\"akismet-fields-container\" data-prefix=\"_wpcf7_ak_\"><label>&#916;<textarea name=\"_wpcf7_ak_hp_textarea\" cols=\"45\" rows=\"8\" maxlength=\"100\"><\/textarea><\/label><input type=\"hidden\" id=\"ak_js_1\" name=\"_wpcf7_ak_js\" value=\"6\"\/><script type=\"text\/javascript\">\ndocument.getElementById( \"ak_js_1\" ).setAttribute( \"value\", ( new Date() ).getTime() );\n<\/script>\n<\/p><div class=\"wpcf7-response-output\" aria-hidden=\"true\"><\/div>\n<\/form>\n<\/div>\n[vc_separator type=&#8221;transparent&#8221; up=&#8221;20&#8243; down=&#8221;20&#8243;][\/vc_column][\/vc_row]\t\t\t\t\t\t<\/div>\n\t\t\t\t<\/div>\n\t\t\t\t\t<\/div>\n\t\t<\/div>\n\t\t\t\t\t<\/div>\n\t\t<\/section>\n\t\t\t\t<\/div>\n\t\t","protected":false},"excerpt":{"rendered":"<p>[vc_row row_type=&#8221;row&#8221; text_align=&#8221;left&#8221; css_animation=&#8221;&#8221;][vc_column][vc_column_text el_class=&#8221;giustificato&#8221;]PRENDI il CONTROLLO tramite APP della tua PISCINAHai una piscina ma non sai come funziona il trattamento acque, non hai tempo per gestirla, ogni anno hai il problema dell&#8217;acqua verde o semplicemente non sai quante ore deve funzionare la pompa? \u00a0&#8230;<\/p>\n","protected":false},"author":1,"featured_media":0,"parent":0,"menu_order":0,"comment_status":"closed","ping_status":"closed","template":"","meta":[],"_links":{"self":[{"href":"https:\/\/www.gardenpiu.eu\/portale\/wp-json\/wp\/v2\/pages\/8001"}],"collection":[{"href":"https:\/\/www.gardenpiu.eu\/portale\/wp-json\/wp\/v2\/pages"}],"about":[{"href":"https:\/\/www.gardenpiu.eu\/portale\/wp-json\/wp\/v2\/types\/page"}],"author":[{"embeddable":true,"href":"https:\/\/www.gardenpiu.eu\/portale\/wp-json\/wp\/v2\/users\/1"}],"replies":[{"embeddable":true,"href":"https:\/\/www.gardenpiu.eu\/portale\/wp-json\/wp\/v2\/comments?post=8001"}],"version-history":[{"count":34,"href":"https:\/\/www.gardenpiu.eu\/portale\/wp-json\/wp\/v2\/pages\/8001\/revisions"}],"predecessor-version":[{"id":8624,"href":"https:\/\/www.gardenpiu.eu\/portale\/wp-json\/wp\/v2\/pages\/8001\/revisions\/8624"}],"wp:attachment":[{"href":"https:\/\/www.gardenpiu.eu\/portale\/wp-json\/wp\/v2\/media?parent=8001"}],"curies":[{"name":"wp","href":"https:\/\/api.w.org\/{rel}","templated":true}]}}