{"id":7571,"date":"2018-03-21T14:53:21","date_gmt":"2018-03-21T13:53:21","guid":{"rendered":"http:\/\/www.gardenpiu.eu\/portale\/?page_id=7571"},"modified":"2022-06-23T15:40:50","modified_gmt":"2022-06-23T13:40:50","slug":"azienda","status":"publish","type":"page","link":"https:\/\/www.gardenpiu.eu\/portale\/azienda\/","title":{"rendered":"Azienda"},"content":{"rendered":"[vc_row row_type=&#8221;row&#8221; text_align=&#8221;left&#8221; css_animation=&#8221;&#8221;][vc_column][vc_column_text el_class=&#8221;giustificato&#8221;]\n<div style=\"text-align: justify;\">\n<p><span style=\"color: #000000;\"><strong>Garden Pi\u00f9<\/strong> nasce nel 1988 come attivit\u00e0 artigiana di giardinaggio e nel tempo affianca ad essa l&#8217;attivit\u00e0 commerciale di vendita prodotti per il giardinaggio, poi negli anni si specializza nell&#8217;installazione degli impianti di irrigazione e delle piscine sino a diventare un punto di riferimento per la costruzione e la manutenzione di piscine interrate in cemento ed esclusivista del marchio Busatta per le piscine in pannelli d&#8217;acciaio.<\/span><\/p>\n<p>&nbsp;<\/p>\n<p><span style=\"color: #000000;\">Offriamo in questo settore, una vasta gamma di articoli di complemento come Saune, Spa, robottini pulitori, sistemi di depurazione acqua e soprattutto i prodotti chimici necessari alla buona manutenzione degli impianti.<\/span><\/p>\n<p>&nbsp;<\/p>\n<p><span style=\"color: #000000;\">Come si evidenzia nel nostro sito, abbiamo per\u00f2 altre gamme di articoli che affiancano questa offerta: impianti di irrigazione e soprattutto robot tagliaerba che riteniamo il futuro (per noi il presente) nell&#8217;ambito della cura del tappeto erboso. Possiamo dire di poter offrire un chiavi in mano completo altamente qualitativo e professionale, sia per i piccoli spazi che per soluzioni molto impegnative, siano esse pubbliche o private.<\/span><\/p>\n<p>&nbsp;<\/p>\n<p><span style=\"color: #000000;\">La collaborazione con una ditta conosciuta ed altamente specializzata come HABITAT, ci permette di offrire un servizio completo per realizzazioni di qualit\u00e0 che vanno dal giardinaggio, alla pavimentazione, alla piscina.<\/span><\/p>\n<p><span style=\"color: #000000;\">Nella nostra <strong>nuova esposizione di Pavia<\/strong> oltre ai prodotti, offriamo la nostra collaborazione per progetti e preventivi per soddisfare le Vostre idee ed i Vostri &#8220;sogni&#8221;.<\/span><\/p>\n<p>&nbsp;<\/p>\n<p><span style=\"color: #000000;\">In attesa di una Vostra visita, vi salutiamo cordialmente.<\/span><\/p>\n<p><span style=\"color: #000000;\"><strong>Garden Pi\u00f9 Divisione Piscine<\/strong><\/span><\/p>\n<p><span style=\"color: #000000;\"><em>Marco e Dario Schiappelli<\/em><\/span><\/p>\n<\/div>\n[\/vc_column_text][vc_separator type=&#8221;transparent&#8221; down=&#8221;15&#8243;][\/vc_column][\/vc_row]\n","protected":false},"excerpt":{"rendered":"<p>[vc_row row_type=&#8221;row&#8221; text_align=&#8221;left&#8221; css_animation=&#8221;&#8221;][vc_column][vc_column_text el_class=&#8221;giustificato&#8221;] Garden Pi\u00f9 nasce nel 1988 come attivit\u00e0 artigiana di giardinaggio e nel tempo affianca ad essa l&#8217;attivit\u00e0 commerciale di vendita prodotti per il giardinaggio, poi negli anni si specializza nell&#8217;installazione degli impianti di irrigazione e delle piscine sino a diventare&#8230;<\/p>\n","protected":false},"author":1,"featured_media":0,"parent":0,"menu_order":0,"comment_status":"closed","ping_status":"closed","template":"","meta":[],"_links":{"self":[{"href":"https:\/\/www.gardenpiu.eu\/portale\/wp-json\/wp\/v2\/pages\/7571"}],"collection":[{"href":"https:\/\/www.gardenpiu.eu\/portale\/wp-json\/wp\/v2\/pages"}],"about":[{"href":"https:\/\/www.gardenpiu.eu\/portale\/wp-json\/wp\/v2\/types\/page"}],"author":[{"embeddable":true,"href":"https:\/\/www.gardenpiu.eu\/portale\/wp-json\/wp\/v2\/users\/1"}],"replies":[{"embeddable":true,"href":"https:\/\/www.gardenpiu.eu\/portale\/wp-json\/wp\/v2\/comments?post=7571"}],"version-history":[{"count":7,"href":"https:\/\/www.gardenpiu.eu\/portale\/wp-json\/wp\/v2\/pages\/7571\/revisions"}],"predecessor-version":[{"id":8253,"href":"https:\/\/www.gardenpiu.eu\/portale\/wp-json\/wp\/v2\/pages\/7571\/revisions\/8253"}],"wp:attachment":[{"href":"https:\/\/www.gardenpiu.eu\/portale\/wp-json\/wp\/v2\/media?parent=7571"}],"curies":[{"name":"wp","href":"https:\/\/api.w.org\/{rel}","templated":true}]}}